{"id":27,"date":"2012-04-05T11:52:20","date_gmt":"2012-04-05T11:52:20","guid":{"rendered":"http:\/\/www.pvtech.cz\/?page_id=27"},"modified":"2012-04-05T11:52:20","modified_gmt":"2012-04-05T11:52:20","slug":"kontakt","status":"publish","type":"page","link":"https:\/\/www.pvtech.cz\/?page_id=27","title":{"rendered":"Kontakt"},"content":{"rendered":"<h6 style=\"padding-left: 60px;\">Petr Videnka<\/h6>\n<h6 style=\"padding-left: 60px;\">Osadn\u00ed 418\/33<\/h6>\n<h6 style=\"padding-left: 60px;\">Ostrava &#8211; Kun\u010di\u010dky<\/h6>\n<h6 style=\"padding-left: 60px;\">718 00<\/h6>\n<h6 style=\"padding-left: 60px;\">Tel.: 724 574 461<\/h6>\n<h6 style=\"padding-left: 60px;\">videnka@email.cz<\/h6>\n<h6 style=\"padding-left: 60px;\">I\u010c: 700 01 235<\/h6>\n","protected":false},"excerpt":{"rendered":"<p>Petr Videnka Osadn\u00ed 418\/33 Ostrava &#8211; Kun\u010di\u010dky 718 00 Tel.: 724 574 461 videnka@email.cz I\u010c: 700 01 235<\/p>\n","protected":false},"author":1,"featured_media":0,"parent":11,"menu_order":0,"comment_status":"closed","ping_status":"closed","template":"showcase.php","meta":[],"_links":{"self":[{"href":"https:\/\/www.pvtech.cz\/index.php?rest_route=\/wp\/v2\/pages\/27"}],"collection":[{"href":"https:\/\/www.pvtech.cz\/index.php?rest_route=\/wp\/v2\/pages"}],"about":[{"href":"https:\/\/www.pvtech.cz\/index.php?rest_route=\/wp\/v2\/types\/page"}],"author":[{"embeddable":true,"href":"https:\/\/www.pvtech.cz\/index.php?rest_route=\/wp\/v2\/users\/1"}],"replies":[{"embeddable":true,"href":"https:\/\/www.pvtech.cz\/index.php?rest_route=%2Fwp%2Fv2%2Fcomments&post=27"}],"version-history":[{"count":0,"href":"https:\/\/www.pvtech.cz\/index.php?rest_route=\/wp\/v2\/pages\/27\/revisions"}],"up":[{"embeddable":true,"href":"https:\/\/www.pvtech.cz\/index.php?rest_route=\/wp\/v2\/pages\/11"}],"wp:attachment":[{"href":"https:\/\/www.pvtech.cz\/index.php?rest_route=%2Fwp%2Fv2%2Fmedia&parent=27"}],"curies":[{"name":"wp","href":"https:\/\/api.w.org\/{rel}","templated":true}]}}