{"id":17,"date":"2012-04-04T11:58:32","date_gmt":"2012-04-04T11:58:32","guid":{"rendered":"http:\/\/www.pvtech.cz\/?page_id=17"},"modified":"2014-01-22T12:05:18","modified_gmt":"2014-01-22T12:05:18","slug":"zvuk","status":"publish","type":"page","link":"https:\/\/www.pvtech.cz\/?page_id=17","title":{"rendered":"Zvuk"},"content":{"rendered":"<h1>Nazvu\u010den\u00ed koncert\u016f, akc\u00ed<\/h1>\n<h1><a href=\"http:\/\/www.pvtech.cz\/wp-content\/uploads\/2012\/04\/IMG_9983.jpg\"><img loading=\"lazy\" class=\"alignnone size-full wp-image-52\" alt=\"IMG_9983\" src=\"http:\/\/www.pvtech.cz\/wp-content\/uploads\/2012\/04\/IMG_9983.jpg\" width=\"1024\" height=\"683\" srcset=\"https:\/\/www.pvtech.cz\/wp-content\/uploads\/2012\/04\/IMG_9983.jpg 1024w, https:\/\/www.pvtech.cz\/wp-content\/uploads\/2012\/04\/IMG_9983-300x200.jpg 300w, https:\/\/www.pvtech.cz\/wp-content\/uploads\/2012\/04\/IMG_9983-449x300.jpg 449w\" sizes=\"(max-width: 1024px) 100vw, 1024px\" \/><\/a><\/h1>\n<p>Jsme schopni V\u00e1m nab\u00eddnout kompletn\u00ed servis\u00a0 pro po\u0159\u00e1d\u00e1n\u00ed koncertn\u00edch vystoupen\u00ed, firemn\u00edch akc\u00ed aj. Dovoz\u00a0 ve\u0161ker\u00e9 techniky a aparatur, p\u0159es jej\u00ed odbornou instalaci, a\u017e po kompletn\u00ed n\u011bkolikahodinovou \u010di n\u011bkolikadenn\u00ed produkci, kdy techniku obsluhuj\u00ed profesion\u00e1ln\u00ed zvuka\u0159i, osv\u011btlova\u010di, kameramani a technici. Stavbu p\u00f3di\u00ed sc\u00e9ny, konstrukc\u00ed a pot\u0159ebn\u00fdch dopl\u0148k\u016f s V\u00e1mi r\u00e1di prokonzultuj\u00ed na\u0161\u00ed odborn\u00edci. Doporu\u010d\u00ed V\u00e1m tak\u00e9 zvukovou a sv\u011btelnou techniku na z\u00e1klad\u011b Va\u0161ich po\u017eadavk\u016f a p\u0159edstav.<\/p>\n<p><a href=\"http:\/\/www.pvtech.cz\/wp-content\/uploads\/2012\/04\/IMG_9672.jpg\"><img loading=\"lazy\" class=\"alignnone size-full wp-image-50\" alt=\"IMG_9672\" src=\"http:\/\/www.pvtech.cz\/wp-content\/uploads\/2012\/04\/IMG_9672.jpg\" width=\"1024\" height=\"683\" srcset=\"https:\/\/www.pvtech.cz\/wp-content\/uploads\/2012\/04\/IMG_9672.jpg 1024w, https:\/\/www.pvtech.cz\/wp-content\/uploads\/2012\/04\/IMG_9672-300x200.jpg 300w, https:\/\/www.pvtech.cz\/wp-content\/uploads\/2012\/04\/IMG_9672-449x300.jpg 449w\" sizes=\"(max-width: 1024px) 100vw, 1024px\" \/><\/a> <a href=\"http:\/\/www.pvtech.cz\/wp-content\/uploads\/2012\/04\/IMG_11361.jpg\"><img loading=\"lazy\" class=\"alignnone size-full wp-image-48\" alt=\"IMG_1136\" src=\"http:\/\/www.pvtech.cz\/wp-content\/uploads\/2012\/04\/IMG_11361.jpg\" width=\"1024\" height=\"683\" srcset=\"https:\/\/www.pvtech.cz\/wp-content\/uploads\/2012\/04\/IMG_11361.jpg 1024w, https:\/\/www.pvtech.cz\/wp-content\/uploads\/2012\/04\/IMG_11361-300x200.jpg 300w, https:\/\/www.pvtech.cz\/wp-content\/uploads\/2012\/04\/IMG_11361-449x300.jpg 449w\" sizes=\"(max-width: 1024px) 100vw, 1024px\" \/><\/a> <a href=\"http:\/\/www.pvtech.cz\/wp-content\/uploads\/2012\/04\/Fotografie00851.jpg\"><img loading=\"lazy\" class=\"alignnone size-full wp-image-47\" alt=\"Fotografie0085\" src=\"http:\/\/www.pvtech.cz\/wp-content\/uploads\/2012\/04\/Fotografie00851.jpg\" width=\"1024\" height=\"768\" srcset=\"https:\/\/www.pvtech.cz\/wp-content\/uploads\/2012\/04\/Fotografie00851.jpg 1024w, https:\/\/www.pvtech.cz\/wp-content\/uploads\/2012\/04\/Fotografie00851-300x225.jpg 300w, https:\/\/www.pvtech.cz\/wp-content\/uploads\/2012\/04\/Fotografie00851-400x300.jpg 400w\" sizes=\"(max-width: 1024px) 100vw, 1024px\" \/><\/a> <a href=\"http:\/\/www.pvtech.cz\/wp-content\/uploads\/2012\/04\/Fotografie00831.jpg\"><img loading=\"lazy\" class=\"alignnone size-full wp-image-46\" alt=\"Fotografie0083\" src=\"http:\/\/www.pvtech.cz\/wp-content\/uploads\/2012\/04\/Fotografie00831.jpg\" width=\"1024\" height=\"768\" srcset=\"https:\/\/www.pvtech.cz\/wp-content\/uploads\/2012\/04\/Fotografie00831.jpg 1024w, https:\/\/www.pvtech.cz\/wp-content\/uploads\/2012\/04\/Fotografie00831-300x225.jpg 300w, https:\/\/www.pvtech.cz\/wp-content\/uploads\/2012\/04\/Fotografie00831-400x300.jpg 400w\" sizes=\"(max-width: 1024px) 100vw, 1024px\" \/><\/a> <a href=\"http:\/\/www.pvtech.cz\/wp-content\/uploads\/2012\/04\/270820110801.jpg\"><img loading=\"lazy\" class=\"alignnone size-full wp-image-45\" alt=\"27082011080\" src=\"http:\/\/www.pvtech.cz\/wp-content\/uploads\/2012\/04\/270820110801.jpg\" width=\"1024\" height=\"768\" srcset=\"https:\/\/www.pvtech.cz\/wp-content\/uploads\/2012\/04\/270820110801.jpg 1024w, https:\/\/www.pvtech.cz\/wp-content\/uploads\/2012\/04\/270820110801-300x225.jpg 300w, https:\/\/www.pvtech.cz\/wp-content\/uploads\/2012\/04\/270820110801-400x300.jpg 400w\" sizes=\"(max-width: 1024px) 100vw, 1024px\" \/><\/a> <a href=\"http:\/\/www.pvtech.cz\/wp-content\/uploads\/2012\/04\/IMG_9955.jpg\"><img loading=\"lazy\" class=\"alignnone size-full wp-image-51\" alt=\"IMG_9955\" src=\"http:\/\/www.pvtech.cz\/wp-content\/uploads\/2012\/04\/IMG_9955.jpg\" width=\"1024\" height=\"683\" srcset=\"https:\/\/www.pvtech.cz\/wp-content\/uploads\/2012\/04\/IMG_9955.jpg 1024w, https:\/\/www.pvtech.cz\/wp-content\/uploads\/2012\/04\/IMG_9955-300x200.jpg 300w, https:\/\/www.pvtech.cz\/wp-content\/uploads\/2012\/04\/IMG_9955-449x300.jpg 449w\" sizes=\"(max-width: 1024px) 100vw, 1024px\" \/><\/a><\/p>\n","protected":false},"excerpt":{"rendered":"<p>Nazvu\u010den\u00ed koncert\u016f, akc\u00ed Jsme schopni V\u00e1m nab\u00eddnout kompletn\u00ed servis\u00a0 pro po\u0159\u00e1d\u00e1n\u00ed koncertn\u00edch vystoupen\u00ed, firemn\u00edch akc\u00ed aj. Dovoz\u00a0 ve\u0161ker\u00e9 techniky a aparatur, p\u0159es jej\u00ed odbornou instalaci, a\u017e po kompletn\u00ed n\u011bkolikahodinovou \u010di n\u011bkolikadenn\u00ed produkci, kdy techniku obsluhuj\u00ed profesion\u00e1ln\u00ed zvuka\u0159i, osv\u011btlova\u010di, kameramani a &hellip; <a href=\"https:\/\/www.pvtech.cz\/?page_id=17\">Cel\u00fd p\u0159\u00edsp\u011bvek <span class=\"meta-nav\">&rarr;<\/span><\/a><\/p>\n","protected":false},"author":1,"featured_media":0,"parent":0,"menu_order":0,"comment_status":"closed","ping_status":"closed","template":"showcase.php","meta":[],"_links":{"self":[{"href":"https:\/\/www.pvtech.cz\/index.php?rest_route=\/wp\/v2\/pages\/17"}],"collection":[{"href":"https:\/\/www.pvtech.cz\/index.php?rest_route=\/wp\/v2\/pages"}],"about":[{"href":"https:\/\/www.pvtech.cz\/index.php?rest_route=\/wp\/v2\/types\/page"}],"author":[{"embeddable":true,"href":"https:\/\/www.pvtech.cz\/index.php?rest_route=\/wp\/v2\/users\/1"}],"replies":[{"embeddable":true,"href":"https:\/\/www.pvtech.cz\/index.php?rest_route=%2Fwp%2Fv2%2Fcomments&post=17"}],"version-history":[{"count":0,"href":"https:\/\/www.pvtech.cz\/index.php?rest_route=\/wp\/v2\/pages\/17\/revisions"}],"wp:attachment":[{"href":"https:\/\/www.pvtech.cz\/index.php?rest_route=%2Fwp%2Fv2%2Fmedia&parent=17"}],"curies":[{"name":"wp","href":"https:\/\/api.w.org\/{rel}","templated":true}]}}