{"id":11,"date":"2012-04-04T11:56:04","date_gmt":"2012-04-04T11:56:04","guid":{"rendered":"http:\/\/www.pvtech.cz\/?page_id=11"},"modified":"2021-09-17T08:22:01","modified_gmt":"2021-09-17T08:22:01","slug":"domu","status":"publish","type":"page","link":"https:\/\/www.pvtech.cz\/","title":{"rendered":"Dom\u016f"},"content":{"rendered":"<p style=\"text-align: center;\"><a title=\"Fotografie Petr Videnka\" href=\"http:\/\/petrvidenka.zonerama.cz\"><img loading=\"lazy\" class=\"alignnone wp-image-12\" title=\"foto2\" src=\"http:\/\/www.pvtech.cz\/wp-content\/uploads\/foto2.png\" alt=\"\" width=\"191\" height=\"152\" \/><\/a><a title=\"Po\u0159\u00e1d\u00e1n\u00ed kulturn\u00edch akc\u00ed ozvu\u010dov\u00e1n\u00ed\" href=\"http:\/\/www.pvtech.cz\/?page_id=17\"><img loading=\"lazy\" class=\"alignnone  wp-image-14\" title=\"zvuk\" src=\"http:\/\/www.pvtech.cz\/wp-content\/uploads\/zvuk.png\" alt=\"\" width=\"190\" height=\"151\" \/><\/a><\/p>\n<p style=\"text-align: center;\"><strong><a title=\"Fotografie Petr Videnka\" href=\"http:\/\/petrvidenka.zonerama.cz\">FOTO <\/a>\u00a0 \u00a0 \u00a0 \u00a0 \u00a0 \u00a0 \u00a0 \u00a0 \u00a0 \u00a0 \u00a0 \u00a0 \u00a0 \u00a0\u00a0<a title=\"Po\u0159\u00e1d\u00e1n\u00ed kulturn\u00edch akc\u00ed, ozvu\u010dov\u00e1n\u00ed\" href=\"http:\/\/www.pvtech.cz\/?page_id=17\">ZVUK<\/a><\/strong><\/p>\n","protected":false},"excerpt":{"rendered":"<p>FOTO \u00a0 \u00a0 \u00a0 \u00a0 \u00a0 \u00a0 \u00a0 \u00a0 \u00a0 \u00a0 \u00a0 \u00a0 \u00a0 \u00a0\u00a0ZVUK<\/p>\n","protected":false},"author":1,"featured_media":0,"parent":0,"menu_order":0,"comment_status":"closed","ping_status":"closed","template":"showcase.php","meta":[],"_links":{"self":[{"href":"https:\/\/www.pvtech.cz\/index.php?rest_route=\/wp\/v2\/pages\/11"}],"collection":[{"href":"https:\/\/www.pvtech.cz\/index.php?rest_route=\/wp\/v2\/pages"}],"about":[{"href":"https:\/\/www.pvtech.cz\/index.php?rest_route=\/wp\/v2\/types\/page"}],"author":[{"embeddable":true,"href":"https:\/\/www.pvtech.cz\/index.php?rest_route=\/wp\/v2\/users\/1"}],"replies":[{"embeddable":true,"href":"https:\/\/www.pvtech.cz\/index.php?rest_route=%2Fwp%2Fv2%2Fcomments&post=11"}],"version-history":[{"count":4,"href":"https:\/\/www.pvtech.cz\/index.php?rest_route=\/wp\/v2\/pages\/11\/revisions"}],"predecessor-version":[{"id":98,"href":"https:\/\/www.pvtech.cz\/index.php?rest_route=\/wp\/v2\/pages\/11\/revisions\/98"}],"wp:attachment":[{"href":"https:\/\/www.pvtech.cz\/index.php?rest_route=%2Fwp%2Fv2%2Fmedia&parent=11"}],"curies":[{"name":"wp","href":"https:\/\/api.w.org\/{rel}","templated":true}]}}